{"id":1137,"date":"2025-12-19T10:25:46","date_gmt":"2025-12-19T02:25:46","guid":{"rendered":"https:\/\/xajong.wp-ideaweb.com\/?post_type=product&#038;p=1137"},"modified":"2026-01-15T20:00:15","modified_gmt":"2026-01-15T12:00:15","slug":"25-35-haha-m","status":"publish","type":"product","link":"https:\/\/xajong.com.tw\/en\/product\/25-35-haha-m\/","title":{"rendered":"Worm Gear-25\/35 HaHa M Series"},"content":{"rendered":"<p><img loading=\"lazy\" decoding=\"async\" class=\"aligncenter wp-image-1071\" src=\"https:\/\/xajong.com.tw\/wp-content\/uploads\/2025\/12\/worm-01.jpg\" alt=\"\" width=\"720\" height=\"560\" srcset=\"https:\/\/xajong.com.tw\/wp-content\/uploads\/2025\/12\/worm-01.jpg 720w, https:\/\/xajong.com.tw\/wp-content\/uploads\/2025\/12\/worm-01-480x373.jpg 480w\" sizes=\"(min-width: 0px) and (max-width: 480px) 480px, (min-width: 481px) 720px, 100vw\" \/><\/p>\n<div class=\"table-container\">\n<table class=\"tab-a4\" width=\"95%\" cellspacing=\"0\">\n<tbody>\n<tr>\n<td class=\"tab-a5\">\n<h6>Model<\/h6>\n<\/td>\n<td class=\"tab-a5\" colspan=\"7\">\n<h6>Input shaft side<\/h6>\n<\/td>\n<td class=\"tab-a5\" colspan=\"3\">\n<h6>Output shaft<\/h6>\n<\/td>\n<\/tr>\n<tr>\n<td class=\"tab-a5\">\n<h6>J<\/h6>\n<\/td>\n<td class=\"tab-a5\">\n<h6>\u25a1<\/h6>\n<\/td>\n<td class=\"tab-a5\">\n<h6>\u00d8A<\/h6>\n<\/td>\n<td class=\"tab-a5\">\n<h6>\u00d8B<\/h6>\n<\/td>\n<td class=\"tab-a5\">\n<h6>\u00d8C<\/h6>\n<\/td>\n<td class=\"tab-a5\">\n<h6>D<\/h6>\n<\/td>\n<td class=\"tab-a5\">\n<h6>E<\/h6>\n<\/td>\n<td class=\"tab-a5\">\n<h6>KEY<\/h6>\n<\/td>\n<td class=\"tab-a5\">\n<h6>\u00d8U<\/h6>\n<\/td>\n<td class=\"tab-a5\">\n<h6>V<\/h6>\n<\/td>\n<td class=\"tab-a5\">\n<h6>KEY<\/h6>\n<\/td>\n<\/tr>\n<tr>\n<td class=\"tab-a3\" rowspan=\"3\">\n<h6>25<\/h6>\n<\/td>\n<td class=\"tab-a2\">\n<h6>70\u00d770<\/h6>\n<\/td>\n<td class=\"tab-a2\">\n<h6>82<\/h6>\n<\/td>\n<td class=\"tab-a2\">\n<h6>64<\/h6>\n<\/td>\n<td class=\"tab-a2\" rowspan=\"2\">\n<h6>8<\/h6>\n<\/td>\n<td class=\"tab-a2\" rowspan=\"3\">\n<h6>32<\/h6>\n<\/td>\n<td class=\"tab-a2\" rowspan=\"2\">\n<h6>M5<\/h6>\n<\/td>\n<td class=\"tab-a2\" rowspan=\"2\">\n<h6>3\u00d73\u00d725<\/h6>\n<\/td>\n<td class=\"tab-a3\" rowspan=\"3\">\n<h6>15<\/h6>\n<\/td>\n<td class=\"tab-a3\" rowspan=\"3\">\n<h6>33<\/h6>\n<\/td>\n<td class=\"tab-a3\" rowspan=\"3\">\n<h6>5\u00d75\u00d766<\/h6>\n<\/td>\n<\/tr>\n<tr>\n<td class=\"tab-a2\">\n<h6>80\u00d780<\/h6>\n<\/td>\n<td class=\"tab-a2\">\n<h6>94<\/h6>\n<\/td>\n<td class=\"tab-a2\">\n<h6>73<\/h6>\n<\/td>\n<\/tr>\n<tr>\n<td class=\"tab-a2\">\n<h6>90\u00d790<\/h6>\n<\/td>\n<td class=\"tab-a2\">\n<h6>104<\/h6>\n<\/td>\n<td class=\"tab-a2\">\n<h6>83<\/h6>\n<\/td>\n<td class=\"tab-a2\">\n<h6>10<\/h6>\n<\/td>\n<td class=\"tab-a2\">\n<h6>M6<\/h6>\n<\/td>\n<td class=\"tab-a2\">\n<h6>4\u00d74\u00d725<\/h6>\n<\/td>\n<\/tr>\n<tr>\n<td class=\"tab-a3\" rowspan=\"2\">\n<h6>35<\/h6>\n<\/td>\n<td class=\"tab-a2\">\n<h6>90\u00d790<\/h6>\n<\/td>\n<td class=\"tab-a2\">\n<h6>104<\/h6>\n<\/td>\n<td class=\"tab-a2\">\n<h6>83<\/h6>\n<\/td>\n<td class=\"tab-a2\">\n<h6>12<\/h6>\n<\/td>\n<td class=\"tab-a2\">\n<h6>32<\/h6>\n<\/td>\n<td class=\"tab-a2\">\n<h6>M6<\/h6>\n<\/td>\n<td class=\"tab-a2\">\n<h6>4x4x25<\/h6>\n<\/td>\n<td class=\"tab-a3\" rowspan=\"2\">\n<h6>18<\/h6>\n<\/td>\n<td class=\"tab-a3\" rowspan=\"2\">\n<h6>40<\/h6>\n<\/td>\n<td class=\"tab-a3\" rowspan=\"2\">\n<h6>5\u00d75\u00d780<\/h6>\n<\/td>\n<\/tr>\n<tr>\n<td class=\"tab-a2\">\n<h6>60\u00d760<\/h6>\n<\/td>\n<td class=\"tab-a2\">\n<h6>70<\/h6>\n<\/td>\n<td class=\"tab-a2\">\n<h6>50<\/h6>\n<\/td>\n<td class=\"tab-a2\">\n<h6>14<\/h6>\n<\/td>\n<td class=\"tab-a2\">\n<h6>30<\/h6>\n<\/td>\n<td class=\"tab-a2\">\n<h6>M5<\/h6>\n<\/td>\n<td class=\"tab-a2\">\n<h6>5\u00d75\u00d725<\/h6>\n<\/td>\n<\/tr>\n<\/tbody>\n<\/table>\n<\/div>\n<p>&nbsp;<\/p>\n<p>&nbsp;<\/p>\n<div class=\"table-container\">\n<table class=\"tab-a4\" width=\"95%\" cellspacing=\"0\">\n<tbody>\n<tr>\n<td class=\"tab-a5\">\n<h6>Model<\/h6>\n<\/td>\n<td class=\"tab-a5\" colspan=\"1\">\n<h6><\/h6>\n<\/td>\n<td class=\"tab-a5\" colspan=\"5\">\n<h6>Fixed base<\/h6>\n<\/td>\n<td class=\"tab-a5\" colspan=\"4\">\n<h6>Outer part<\/h6>\n<\/td>\n<td class=\"tab-a5\" rowspan=\"2\">\n<h6>Maximum torque<\/h6>\n<\/td>\n<td class=\"tab-a5\" rowspan=\"2\">\n<h6>Weight<\/h6>\n<h6>(kg)<\/h6>\n<\/td>\n<\/tr>\n<tr>\n<td class=\"tab-a5\">\n<h6>J<\/h6>\n<\/td>\n<td class=\"tab-a5\">\n<h6>\u25a1<\/h6>\n<\/td>\n<td class=\"tab-a5\">\n<h6>\u00d8P<\/h6>\n<\/td>\n<td class=\"tab-a5\">\n<h6>S<\/h6>\n<\/td>\n<td class=\"tab-a5\">\n<h6>W<\/h6>\n<\/td>\n<td class=\"tab-a5\">\n<h6>X<\/h6>\n<\/td>\n<td class=\"tab-a5\">\n<h6>Z<\/h6>\n<\/td>\n<td class=\"tab-a5\">\n<h6>K<\/h6>\n<\/td>\n<td class=\"tab-a5\">\n<h6>L<\/h6>\n<\/td>\n<td class=\"tab-a5\">\n<h6>M<\/h6>\n<\/td>\n<td class=\"tab-a5\">\n<h6>N<\/h6>\n<\/td>\n<\/tr>\n<tr>\n<td class=\"tab-a3\" rowspan=\"3\">\n<h6>25<\/h6>\n<\/td>\n<td class=\"tab-a2\">\n<h6>70\u00d770<\/h6>\n<\/td>\n<td class=\"tab-a2\" rowspan=\"3\">\n<h6>9<\/h6>\n<\/td>\n<td class=\"tab-a2\" rowspan=\"3\">\n<h6>50<\/h6>\n<\/td>\n<td class=\"tab-a2\" rowspan=\"3\">\n<h6>51<\/h6>\n<\/td>\n<td class=\"tab-a2\" rowspan=\"3\">\n<h6>41<\/h6>\n<\/td>\n<td class=\"tab-a2\" rowspan=\"3\">\n<h6>80<\/h6>\n<\/td>\n<td class=\"tab-a3\" rowspan=\"3\">\n<h6>45<\/h6>\n<\/td>\n<td class=\"tab-a3\">\n<h6>60<\/h6>\n<\/td>\n<td class=\"tab-a3\" rowspan=\"3\">\n<h6>40.5<\/h6>\n<\/td>\n<td class=\"tab-a3\" rowspan=\"3\">\n<h6>56.5<\/h6>\n<\/td>\n<td class=\"tab-a2\" rowspan=\"3\">\n<h6>150<\/h6>\n<\/td>\n<td class=\"tab-a2\" rowspan=\"3\">\n<h6>1.1<\/h6>\n<\/td>\n<\/tr>\n<tr>\n<td class=\"tab-a2\">\n<h6>80\u00d780<\/h6>\n<\/td>\n<td class=\"tab-a3\">\n<h6>65<\/h6>\n<\/td>\n<\/tr>\n<tr>\n<td class=\"tab-a2\">\n<h6>90\u00d790<\/h6>\n<\/td>\n<td class=\"tab-a3\">\n<h6>70<\/h6>\n<\/td>\n<\/tr>\n<tr>\n<td class=\"tab-a3\" rowspan=\"2\" height=\"40\">\n<h6>35<\/h6>\n<\/td>\n<td class=\"tab-a2\">\n<h6>90\u00d790<\/h6>\n<\/td>\n<td class=\"tab-a2\" rowspan=\"2\">\n<h6>9<\/h6>\n<\/td>\n<td class=\"tab-a2\" rowspan=\"2\">\n<h6>60<\/h6>\n<\/td>\n<td class=\"tab-a2\" rowspan=\"2\">\n<h6>58<\/h6>\n<\/td>\n<td class=\"tab-a2\" rowspan=\"2\">\n<h6>48<\/h6>\n<\/td>\n<td class=\"tab-a2\" rowspan=\"2\">\n<h6>100<\/h6>\n<\/td>\n<td class=\"tab-a3\" rowspan=\"2\">\n<h6>50<\/h6>\n<\/td>\n<td class=\"tab-a3\">\n<h6>80<\/h6>\n<\/td>\n<td class=\"tab-a3\" rowspan=\"2\">\n<h6>47.5<\/h6>\n<\/td>\n<td class=\"tab-a3\">\n<h6>64.5<\/h6>\n<\/td>\n<td class=\"tab-a2\" rowspan=\"2\">\n<h6>300<\/h6>\n<\/td>\n<td class=\"tab-a2\" rowspan=\"2\">\n<h6>1.9<\/h6>\n<\/td>\n<\/tr>\n<tr>\n<td class=\"tab-a2\">\n<h6>60\u00d760<\/h6>\n<\/td>\n<td class=\"tab-a3\">\n<h6>66<\/h6>\n<\/td>\n<td class=\"tab-a3\">\n<h6>65.5<\/h6>\n<\/td>\n<\/tr>\n<\/tbody>\n<\/table>\n<\/div>\n<p>&nbsp;<\/p>","protected":false},"excerpt":{"rendered":"<p>\u578b\u865f \u5165\u529b\u8ef8\u5074 \u51fa\u529b\u8ef8 J \u25a1 \u00d8A \u00d8B \u00d8C D E KEY \u00d8U V KEY 25 70\u00d770 82 6 [&hellip;]<\/p>\n","protected":false},"featured_media":0,"template":"","meta":{"_acf_changed":false},"product_brand":[],"product_cat":[49],"product_tag":[],"class_list":{"0":"post-1137","1":"product","2":"type-product","3":"status-publish","5":"product_cat-25-35-haha-m-","7":"first","8":"instock","9":"taxable","10":"shipping-taxable","11":"product-type-simple"},"acf":[],"_links":{"self":[{"href":"https:\/\/xajong.com.tw\/en\/wp-json\/wp\/v2\/product\/1137","targetHints":{"allow":["GET"]}}],"collection":[{"href":"https:\/\/xajong.com.tw\/en\/wp-json\/wp\/v2\/product"}],"about":[{"href":"https:\/\/xajong.com.tw\/en\/wp-json\/wp\/v2\/types\/product"}],"wp:attachment":[{"href":"https:\/\/xajong.com.tw\/en\/wp-json\/wp\/v2\/media?parent=1137"}],"wp:term":[{"taxonomy":"product_brand","embeddable":true,"href":"https:\/\/xajong.com.tw\/en\/wp-json\/wp\/v2\/product_brand?post=1137"},{"taxonomy":"product_cat","embeddable":true,"href":"https:\/\/xajong.com.tw\/en\/wp-json\/wp\/v2\/product_cat?post=1137"},{"taxonomy":"product_tag","embeddable":true,"href":"https:\/\/xajong.com.tw\/en\/wp-json\/wp\/v2\/product_tag?post=1137"}],"curies":[{"name":"wp","href":"https:\/\/api.w.org\/{rel}","templated":true}]}}