{"id":1448,"date":"2025-12-24T10:51:52","date_gmt":"2025-12-24T02:51:52","guid":{"rendered":"https:\/\/xajong.wp-ideaweb.com\/?post_type=product&#038;p=1448"},"modified":"2026-01-15T19:39:07","modified_gmt":"2026-01-15T11:39:07","slug":"worm-gear-25-35-cc-m","status":"publish","type":"product","link":"https:\/\/xajong.com.tw\/en\/product\/worm-gear-25-35-cc-m\/","title":{"rendered":"Worm Gear-25\/35 CC M Series"},"content":{"rendered":"<p><img loading=\"lazy\" decoding=\"async\" class=\"alignnone wp-image-1449\" src=\"https:\/\/xajong.com.tw\/wp-content\/uploads\/2025\/12\/worm-05-e-1.jpg\" alt=\"\" width=\"800\" height=\"698\" srcset=\"https:\/\/xajong.com.tw\/wp-content\/uploads\/2025\/12\/worm-05-e-1.jpg 550w, https:\/\/xajong.com.tw\/wp-content\/uploads\/2025\/12\/worm-05-e-1-480x419.jpg 480w\" sizes=\"(min-width: 0px) and (max-width: 480px) 480px, (min-width: 481px) 800px, 100vw\" \/><\/p>\n<div class=\"table-container\">\n<table class=\"tab-a4\" width=\"95%\" cellspacing=\"0\">\n<tbody>\n<tr>\n<td class=\"tab-a5\">Model<\/td>\n<td class=\"tab-a5\" colspan=\"7\">Input shaft side<\/td>\n<td class=\"tab-a5\" colspan=\"3\">Output shaft<\/td>\n<\/tr>\n<tr>\n<td class=\"tab-a5\">J<\/td>\n<td class=\"tab-a5\">\u25a1<\/td>\n<td class=\"tab-a5\">\u00d8A<\/td>\n<td class=\"tab-a5\">\u00d8B<\/td>\n<td class=\"tab-a5\">\u00d8C<\/td>\n<td class=\"tab-a5\">D<\/td>\n<td class=\"tab-a5\">E<\/td>\n<td class=\"tab-a5\">KEY<\/td>\n<td class=\"tab-a5\">\u00d8U<\/td>\n<td class=\"tab-a5\">V<\/td>\n<td class=\"tab-a5\">KEY<\/td>\n<\/tr>\n<tr>\n<td class=\"tab-a3\" rowspan=\"3\">25<\/td>\n<td class=\"tab-a2\">70\u00d770<\/td>\n<td class=\"tab-a2\">82<\/td>\n<td class=\"tab-a2\">64<\/td>\n<td class=\"tab-a2\" rowspan=\"2\">8<\/td>\n<td class=\"tab-a2\" rowspan=\"3\">32<\/td>\n<td class=\"tab-a2\" rowspan=\"2\">M5<\/td>\n<td class=\"tab-a2\" rowspan=\"2\">3\u00d73\u00d725<\/td>\n<td class=\"tab-a3\" rowspan=\"3\">15<\/td>\n<td class=\"tab-a3\" rowspan=\"3\">32<\/td>\n<td class=\"tab-a3\" rowspan=\"3\">5\u00d75\u00d766<\/td>\n<\/tr>\n<tr>\n<td class=\"tab-a2\">80\u00d780<\/td>\n<td class=\"tab-a2\">94<\/td>\n<td class=\"tab-a2\">73<\/td>\n<\/tr>\n<tr>\n<td class=\"tab-a2\">90\u00d790<\/td>\n<td class=\"tab-a2\">104<\/td>\n<td class=\"tab-a2\">83<\/td>\n<td class=\"tab-a2\">10<\/td>\n<td class=\"tab-a2\">M6<\/td>\n<td class=\"tab-a2\">4\u00d74\u00d725<\/td>\n<\/tr>\n<tr>\n<td class=\"tab-a3\" rowspan=\"2\">35<\/td>\n<td class=\"tab-a2\">90&#215;90<\/td>\n<td class=\"tab-a2\">104<\/td>\n<td class=\"tab-a2\">83<\/td>\n<td class=\"tab-a2\">12<\/td>\n<td class=\"tab-a2\">32<\/td>\n<td class=\"tab-a2\">M6<\/td>\n<td class=\"tab-a2\">4x4x25<\/td>\n<td class=\"tab-a3\" rowspan=\"2\">18<\/td>\n<td class=\"tab-a3\" rowspan=\"2\">39.5<\/td>\n<td class=\"tab-a3\" rowspan=\"2\">5\u00d75\u00d780<\/td>\n<\/tr>\n<tr>\n<td class=\"tab-a2\">60\u00d760<\/td>\n<td class=\"tab-a2\">70<\/td>\n<td class=\"tab-a2\">50<\/td>\n<td class=\"tab-a2\">14<\/td>\n<td class=\"tab-a2\">30<\/td>\n<td class=\"tab-a2\">M5<\/td>\n<td class=\"tab-a2\">5\u00d75\u00d725<\/td>\n<\/tr>\n<\/tbody>\n<\/table>\n<\/div>\n<p>&nbsp;<\/p>\n<div class=\"table-container\">\n<table class=\"tab-a4\" width=\"95%\" cellspacing=\"0\">\n<tbody>\n<tr>\n<td class=\"tab-a5\">Model<\/td>\n<td class=\"tab-a5\" colspan=\"6\">Fixed base<\/td>\n<td class=\"tab-a5\" colspan=\"4\">Outer part<\/td>\n<td class=\"tab-a5\" rowspan=\"2\">Maximum torque<\/td>\n<td class=\"tab-a5\" rowspan=\"2\">Weight<br \/>\n(kg)<\/td>\n<\/tr>\n<tr>\n<td class=\"tab-a5\">J<\/td>\n<td class=\"tab-a5\">\u00d8F<\/td>\n<td class=\"tab-a5\">\u00d8G<\/td>\n<td class=\"tab-a5\">\u00d8H<\/td>\n<td class=\"tab-a5\">I<\/td>\n<td class=\"tab-a5\">I2<\/td>\n<td class=\"tab-a5\">X<\/td>\n<td class=\"tab-a5\">K<\/td>\n<td class=\"tab-a5\">L<\/td>\n<td class=\"tab-a5\">M<\/td>\n<td class=\"tab-a5\">N<\/td>\n<\/tr>\n<tr>\n<td class=\"tab-a3\" rowspan=\"3\">25<\/td>\n<td class=\"tab-a2\" rowspan=\"3\">65<\/td>\n<td class=\"tab-a2\" rowspan=\"3\">55<\/td>\n<td class=\"tab-a2\" rowspan=\"3\">45<\/td>\n<td class=\"tab-a2\" rowspan=\"3\">M6\u00d77<\/td>\n<td class=\"tab-a2\" rowspan=\"3\">1.5<\/td>\n<td class=\"tab-a2\" rowspan=\"3\">33.5<\/td>\n<td class=\"tab-a3\" rowspan=\"3\">32.5<\/td>\n<td class=\"tab-a3\">60<\/td>\n<td class=\"tab-a3\" rowspan=\"3\">40.5<\/td>\n<td class=\"tab-a3\" rowspan=\"3\">56.5<\/td>\n<td class=\"tab-a2\" rowspan=\"3\">150<\/td>\n<td class=\"tab-a2\" rowspan=\"3\">1.1<\/td>\n<\/tr>\n<tr>\n<td class=\"tab-a3\">65<\/td>\n<\/tr>\n<tr>\n<td class=\"tab-a3\">70<\/td>\n<\/tr>\n<tr>\n<td class=\"tab-a3\" rowspan=\"2\" height=\"40\">35<\/td>\n<td class=\"tab-a2\" rowspan=\"2\">80<\/td>\n<td class=\"tab-a2\" rowspan=\"2\">70<\/td>\n<td class=\"tab-a2\" rowspan=\"2\">52<\/td>\n<td class=\"tab-a2\" rowspan=\"2\">M6\u00d77<\/td>\n<td class=\"tab-a2\" rowspan=\"2\">2.5<\/td>\n<td class=\"tab-a2\" rowspan=\"2\">42<\/td>\n<td class=\"tab-a3\" rowspan=\"2\">40<\/td>\n<td class=\"tab-a3\">80<\/td>\n<td class=\"tab-a3\" rowspan=\"2\">47.5<\/td>\n<td class=\"tab-a3\">64.5<\/td>\n<td class=\"tab-a2\" rowspan=\"2\">300<\/td>\n<td class=\"tab-a2\" rowspan=\"2\">1.9<\/td>\n<\/tr>\n<tr>\n<td class=\"tab-a3\">66<\/td>\n<td class=\"tab-a3\">65.5<\/td>\n<\/tr>\n<\/tbody>\n<\/table>\n<\/div>","protected":false},"excerpt":{"rendered":"<p>\u578b\u865f \u5165\u529b\u8ef8\u5074 \u51fa\u529b\u8ef8 J \u25a1 \u00d8A \u00d8B \u00d8C D E KEY \u00d8U V KEY 25 70\u00d770 82 6 [&hellip;]<\/p>\n","protected":false},"featured_media":0,"template":"","meta":{"_acf_changed":false},"product_brand":[],"product_cat":[53],"product_tag":[],"class_list":{"0":"post-1448","1":"product","2":"type-product","3":"status-publish","5":"product_cat-25-35-cc-m-","7":"first","8":"instock","9":"taxable","10":"shipping-taxable","11":"product-type-simple"},"acf":[],"_links":{"self":[{"href":"https:\/\/xajong.com.tw\/en\/wp-json\/wp\/v2\/product\/1448","targetHints":{"allow":["GET"]}}],"collection":[{"href":"https:\/\/xajong.com.tw\/en\/wp-json\/wp\/v2\/product"}],"about":[{"href":"https:\/\/xajong.com.tw\/en\/wp-json\/wp\/v2\/types\/product"}],"wp:attachment":[{"href":"https:\/\/xajong.com.tw\/en\/wp-json\/wp\/v2\/media?parent=1448"}],"wp:term":[{"taxonomy":"product_brand","embeddable":true,"href":"https:\/\/xajong.com.tw\/en\/wp-json\/wp\/v2\/product_brand?post=1448"},{"taxonomy":"product_cat","embeddable":true,"href":"https:\/\/xajong.com.tw\/en\/wp-json\/wp\/v2\/product_cat?post=1448"},{"taxonomy":"product_tag","embeddable":true,"href":"https:\/\/xajong.com.tw\/en\/wp-json\/wp\/v2\/product_tag?post=1448"}],"curies":[{"name":"wp","href":"https:\/\/api.w.org\/{rel}","templated":true}]}}