{"id":1452,"date":"2025-12-24T10:57:56","date_gmt":"2025-12-24T02:57:56","guid":{"rendered":"https:\/\/xajong.wp-ideaweb.com\/?post_type=product&#038;p=1452"},"modified":"2026-01-27T16:54:19","modified_gmt":"2026-01-27T08:54:19","slug":"worm-gear-25-35-fc-cf-m","status":"publish","type":"product","link":"https:\/\/xajong.com.tw\/en\/product\/worm-gear-25-35-fc-cf-m\/","title":{"rendered":"Worm Gear-25\/35 FC\/CF M Series"},"content":{"rendered":"<p><img loading=\"lazy\" decoding=\"async\" class=\"aligncenter wp-image-1717 size-full\" src=\"https:\/\/xajong.com.tw\/wp-content\/uploads\/2025\/12\/worm-2535-M.jpg\" alt=\"\" width=\"840\" height=\"900\" srcset=\"https:\/\/xajong.com.tw\/wp-content\/uploads\/2025\/12\/worm-2535-M.jpg 840w, https:\/\/xajong.com.tw\/wp-content\/uploads\/2025\/12\/worm-2535-M-480x514.jpg 480w\" sizes=\"(min-width: 0px) and (max-width: 480px) 480px, (min-width: 481px) 840px, 100vw\" \/><\/p>\n<div class=\"table-container\">\n<table class=\"tab-a4\" width=\"98%\" cellspacing=\"0\">\n<tbody>\n<tr>\n<td class=\"tab-a5-1\" width=\"4%\">Model<\/td>\n<td class=\"tab-a5-1\" colspan=\"7\">Input shaft side<\/td>\n<td class=\"tab-a5-1\" colspan=\"3\">Output shaft<\/td>\n<\/tr>\n<tr>\n<td class=\"tab-a5-1\">J<\/td>\n<td class=\"tab-a5-1\" width=\"5%\">\u25a1<\/td>\n<td class=\"tab-a5-1\" width=\"3%\">\u00d8A<\/td>\n<td class=\"tab-a5-1\" width=\"3%\">\u00d8B<\/td>\n<td class=\"tab-a5-1\" width=\"3%\">\u00d8C<\/td>\n<td class=\"tab-a5-1\" width=\"2%\">D<\/td>\n<td class=\"tab-a5-1\" width=\"3%\">E<\/td>\n<td class=\"tab-a5-1\" width=\"5%\">KEY<\/td>\n<td class=\"tab-a5-1\" width=\"3%\">\u00d8U<\/td>\n<td class=\"tab-a5-1\" width=\"2%\">V<\/td>\n<td class=\"tab-a5-1\" width=\"3%\">KEY<\/td>\n<\/tr>\n<tr>\n<td class=\"tab-a3-4\" rowspan=\"3\">25<\/td>\n<td class=\"tab-a2-4\">70\u00d770<\/td>\n<td class=\"tab-a2-4\">82<\/td>\n<td class=\"tab-a2-4\">64<\/td>\n<td class=\"tab-a2-4\" rowspan=\"2\">8<\/td>\n<td class=\"tab-a2-4\" rowspan=\"3\">32<\/td>\n<td class=\"tab-a2-4\" rowspan=\"2\">M5<\/td>\n<td class=\"tab-a2-4\" rowspan=\"2\">3\u00d73\u00d725<\/td>\n<td class=\"tab-a3-4\" rowspan=\"3\">15<\/td>\n<td class=\"tab-a3-4\" rowspan=\"3\">33<\/td>\n<td class=\"tab-a3-4\" rowspan=\"3\">5\u00d75\u00d766<\/td>\n<\/tr>\n<tr>\n<td class=\"tab-a2-4\">80\u00d780<\/td>\n<td class=\"tab-a2-4\">94<\/td>\n<td class=\"tab-a2-4\">73<\/td>\n<\/tr>\n<tr>\n<td class=\"tab-a2-4\">90\u00d790<\/td>\n<td class=\"tab-a2-4\">104<\/td>\n<td class=\"tab-a2-4\">83<\/td>\n<td class=\"tab-a2-4\">10<\/td>\n<td class=\"tab-a2-4\">M6<\/td>\n<td class=\"tab-a2-4\">4\u00d74\u00d725<\/td>\n<\/tr>\n<tr>\n<td class=\"tab-a3-4\" rowspan=\"2\">35<\/td>\n<td class=\"tab-a2-4\">90x90<\/td>\n<td class=\"tab-a2-4\">104<\/td>\n<td class=\"tab-a2-4\">83<\/td>\n<td class=\"tab-a2-4\">12<\/td>\n<td class=\"tab-a2-4\">32<\/td>\n<td class=\"tab-a2-4\">M6<\/td>\n<td class=\"tab-a2-4\">4x4x25<\/td>\n<td class=\"tab-a3-4\" rowspan=\"2\">18<\/td>\n<td class=\"tab-a3-4\" rowspan=\"2\">40<\/td>\n<td class=\"tab-a3-4\" rowspan=\"2\">5\u00d75\u00d780<\/td>\n<\/tr>\n<tr>\n<td class=\"tab-a2-4\">60\u00d760<\/td>\n<td class=\"tab-a2-4\">70<\/td>\n<td class=\"tab-a2-4\">50<\/td>\n<td class=\"tab-a2-4\">14<\/td>\n<td class=\"tab-a2-4\">30<\/td>\n<td class=\"tab-a2-4\">M5<\/td>\n<td class=\"tab-a2-4\">5\u00d75\u00d725<\/td>\n<\/tr>\n<\/tbody>\n<\/table>\n<\/div>\n<h1 class=\"et_pb_module_header\"><\/h1>\n<div class=\"table-container\">\n<table class=\"tab-a4\" width=\"98%\" cellspacing=\"0\">\n<tbody>\n<tr>\n<td class=\"tab-a5-1\" width=\"4%\">Model<\/td>\n<td class=\"tab-a5-1\" colspan=\"12\">Fixed base<\/td>\n<td class=\"tab-a5-1\" colspan=\"5\">Outer part<\/td>\n<td class=\"tab-a5-1\" width=\"7%\">Maximum torque<\/td>\n<td class=\"tab-a5-1\" width=\"8%\">\u91cd\u91cf(kg)<\/td>\n<\/tr>\n<tr>\n<td class=\"tab-a5-1\">J<\/td>\n<td class=\"tab-a5-1\" width=\"4%\">\u00d8F<\/td>\n<td class=\"tab-a5-1\" width=\"3%\">\u00d8G<\/td>\n<td class=\"tab-a5-1\" width=\"3%\">\u00d8H<\/td>\n<td class=\"tab-a5-1\" width=\"3%\">I2<\/td>\n<td class=\"tab-a5-1\" width=\"2%\">L2<\/td>\n<td class=\"tab-a5-1\" width=\"3%\">\u00d8P<\/td>\n<td class=\"tab-a5-1\" width=\"3%\">\u00d8R<\/td>\n<td class=\"tab-a5-1\" width=\"2%\">T<\/td>\n<td class=\"tab-a5-1\" width=\"3%\">Y2<\/td>\n<td class=\"tab-a5-1\" width=\"2%\">W<\/td>\n<td class=\"tab-a5-1\" width=\"2%\">X<\/td>\n<td class=\"tab-a5-1\" width=\"4%\">Z<\/td>\n<td class=\"tab-a5-1\" width=\"3%\">K<\/td>\n<td class=\"tab-a5-1\" width=\"2%\">L<\/td>\n<td class=\"tab-a5-1\" width=\"2%\">M<\/td>\n<td class=\"tab-a5-1\" width=\"2%\">N<\/td>\n<td class=\"tab-a5-1\" width=\"4%\">S<\/td>\n<td class=\"tab-a5-1\"><\/td>\n<td class=\"tab-a5-1\"><\/td>\n<\/tr>\n<tr>\n<td class=\"tab-a3-4\" rowspan=\"3\">25<\/td>\n<td class=\"tab-a2-4\" rowspan=\"3\">65<\/td>\n<td class=\"tab-a2-4\" rowspan=\"3\">55<\/td>\n<td class=\"tab-a2-4\" rowspan=\"3\">45<\/td>\n<td class=\"tab-a2-4\" rowspan=\"3\">1<\/td>\n<td class=\"tab-a2-4\" rowspan=\"3\">54.5<\/td>\n<td class=\"tab-a2-4\" rowspan=\"3\">6<\/td>\n<td class=\"tab-a2-4\" rowspan=\"3\">65<\/td>\n<td class=\"tab-a2-4\" rowspan=\"3\">30<\/td>\n<td class=\"tab-a2-4\" rowspan=\"3\">48<\/td>\n<td class=\"tab-a2-4\" rowspan=\"3\">46<\/td>\n<td class=\"tab-a2-4\" rowspan=\"3\">34<\/td>\n<td class=\"tab-a2-4\" rowspan=\"3\">36<\/td>\n<td class=\"tab-a3-4\" rowspan=\"3\">32.5<\/td>\n<td class=\"tab-a3-4\">60<\/td>\n<td class=\"tab-a3-4\" rowspan=\"3\">40.5<\/td>\n<td class=\"tab-a3-4\" rowspan=\"3\">56.5<\/td>\n<td class=\"tab-a3-4\" rowspan=\"3\">42.5<\/td>\n<td class=\"tab-a2-4\" rowspan=\"3\">150<\/td>\n<td class=\"tab-a2-4\" rowspan=\"3\">1.2<\/td>\n<\/tr>\n<tr>\n<td class=\"tab-a3-4\">65<\/td>\n<\/tr>\n<tr>\n<td class=\"tab-a3-4\">70<\/td>\n<\/tr>\n<tr>\n<td class=\"tab-a3-4\" rowspan=\"2\" height=\"40\">35<\/td>\n<td class=\"tab-a2-4\" rowspan=\"2\">80<\/td>\n<td class=\"tab-a2-4\" rowspan=\"2\">70<\/td>\n<td class=\"tab-a2-4\" rowspan=\"2\">52<\/td>\n<td class=\"tab-a2-4\" rowspan=\"2\">2<\/td>\n<td class=\"tab-a2-4\" rowspan=\"2\">75<\/td>\n<td class=\"tab-a2-4\" rowspan=\"2\">8<\/td>\n<td class=\"tab-a2-4\" rowspan=\"2\">80<\/td>\n<td class=\"tab-a2-4\" rowspan=\"2\">36<\/td>\n<td class=\"tab-a2-4\" rowspan=\"2\">65<\/td>\n<td class=\"tab-a2-4\" rowspan=\"2\">56<\/td>\n<td class=\"tab-a2-4\" rowspan=\"2\">41<\/td>\n<td class=\"tab-a2-4\" rowspan=\"2\">40<\/td>\n<td class=\"tab-a3-4\" rowspan=\"2\">40<\/td>\n<td class=\"tab-a3-4\">80<\/td>\n<td class=\"tab-a3-4\" rowspan=\"2\">47.5<\/td>\n<td class=\"tab-a3-4\">64.5<\/td>\n<td class=\"tab-a3-4\" rowspan=\"2\">50<\/td>\n<td class=\"tab-a2-4\" rowspan=\"2\">300<\/td>\n<td class=\"tab-a2-4\" rowspan=\"2\">2.0<\/td>\n<\/tr>\n<tr>\n<td class=\"tab-a3-4\">66<\/td>\n<td class=\"tab-a3-4\">65.5<\/td>\n<\/tr>\n<\/tbody>\n<\/table>\n<\/div>","protected":false},"excerpt":{"rendered":"<p>\u578b\u865f \u5165\u529b\u8ef8\u5074 \u51fa\u529b\u8ef8 J \u25a1 \u00d8A \u00d8B \u00d8C D E KEY \u00d8U V KEY 25 70\u00d770 82 6 [&hellip;]<\/p>\n","protected":false},"featured_media":0,"template":"","meta":{"_acf_changed":false},"product_brand":[],"product_cat":[55],"product_tag":[],"class_list":{"0":"post-1452","1":"product","2":"type-product","3":"status-publish","5":"product_cat-25-35-fc-cf-m-","7":"first","8":"instock","9":"taxable","10":"shipping-taxable","11":"product-type-simple"},"acf":[],"_links":{"self":[{"href":"https:\/\/xajong.com.tw\/en\/wp-json\/wp\/v2\/product\/1452","targetHints":{"allow":["GET"]}}],"collection":[{"href":"https:\/\/xajong.com.tw\/en\/wp-json\/wp\/v2\/product"}],"about":[{"href":"https:\/\/xajong.com.tw\/en\/wp-json\/wp\/v2\/types\/product"}],"wp:attachment":[{"href":"https:\/\/xajong.com.tw\/en\/wp-json\/wp\/v2\/media?parent=1452"}],"wp:term":[{"taxonomy":"product_brand","embeddable":true,"href":"https:\/\/xajong.com.tw\/en\/wp-json\/wp\/v2\/product_brand?post=1452"},{"taxonomy":"product_cat","embeddable":true,"href":"https:\/\/xajong.com.tw\/en\/wp-json\/wp\/v2\/product_cat?post=1452"},{"taxonomy":"product_tag","embeddable":true,"href":"https:\/\/xajong.com.tw\/en\/wp-json\/wp\/v2\/product_tag?post=1452"}],"curies":[{"name":"wp","href":"https:\/\/api.w.org\/{rel}","templated":true}]}}