{"id":1456,"date":"2025-12-24T11:05:07","date_gmt":"2025-12-24T03:05:07","guid":{"rendered":"https:\/\/xajong.wp-ideaweb.com\/?post_type=product&#038;p=1456"},"modified":"2026-01-15T19:33:20","modified_gmt":"2026-01-15T11:33:20","slug":"worm-gear-25-35-cv-vc-m","status":"publish","type":"product","link":"https:\/\/xajong.com.tw\/en\/product\/worm-gear-25-35-cv-vc-m\/","title":{"rendered":"Worm Gear-25\/35 CV\/VC M Series"},"content":{"rendered":"<p>&nbsp;<\/p>\n<p><img loading=\"lazy\" decoding=\"async\" class=\"alignnone wp-image-1457\" src=\"https:\/\/xajong.com.tw\/wp-content\/uploads\/2025\/12\/worm-20-1.jpg\" alt=\"\" width=\"800\" height=\"698\" srcset=\"https:\/\/xajong.com.tw\/wp-content\/uploads\/2025\/12\/worm-20-1.jpg 800w, https:\/\/xajong.com.tw\/wp-content\/uploads\/2025\/12\/worm-20-1-480x419.jpg 480w\" sizes=\"(min-width: 0px) and (max-width: 480px) 480px, (min-width: 481px) 800px, 100vw\" \/><\/p>\n<div class=\"table-container\">\n<table class=\"tab-a4\" style=\"height: 205px;\" width=\"606\" cellspacing=\"0\">\n<tbody>\n<tr>\n<td class=\"tab-a5\" style=\"text-align: center;\">Model<\/td>\n<td class=\"tab-a5\" style=\"text-align: center;\" colspan=\"7\">Input shaft side<\/td>\n<td class=\"tab-a5\" style=\"text-align: center;\" colspan=\"3\">Output shaft<\/td>\n<\/tr>\n<tr>\n<td class=\"tab-a5\">J<\/td>\n<td class=\"tab-a5\">\u25a1<\/td>\n<td class=\"tab-a5\">\u00d8A<\/td>\n<td class=\"tab-a5\">\u00d8B<\/td>\n<td class=\"tab-a5\">\u00d8C<\/td>\n<td class=\"tab-a5\">D<\/td>\n<td class=\"tab-a5\">E<\/td>\n<td class=\"tab-a5\">KEY<\/td>\n<td class=\"tab-a5\">\u00d8U<\/td>\n<td class=\"tab-a5\">V<\/td>\n<td class=\"tab-a5\">KEY<\/td>\n<\/tr>\n<tr>\n<td class=\"tab-a3-3\" rowspan=\"3\">25<\/td>\n<td class=\"tab-a2-3\">70\u00d770<\/td>\n<td class=\"tab-a2-3\">82<\/td>\n<td class=\"tab-a2-3\">64<\/td>\n<td class=\"tab-a2-3\" rowspan=\"2\">8<\/td>\n<td class=\"tab-a2-3\" rowspan=\"3\">32<\/td>\n<td class=\"tab-a2-3\" rowspan=\"2\">M5<\/td>\n<td class=\"tab-a2-3\" rowspan=\"2\">3\u00d73\u00d725<\/td>\n<td class=\"tab-a3-3\" rowspan=\"3\">15<\/td>\n<td class=\"tab-a3-3\" rowspan=\"3\">33<\/td>\n<td class=\"tab-a3-3\" rowspan=\"3\">5\u00d75\u00d766<\/td>\n<\/tr>\n<tr>\n<td class=\"tab-a2-3\">80\u00d780<\/td>\n<td class=\"tab-a2-3\">94<\/td>\n<td class=\"tab-a2-3\">73<\/td>\n<\/tr>\n<tr>\n<td class=\"tab-a2-3\">90\u00d790<\/td>\n<td class=\"tab-a2-3\">104<\/td>\n<td class=\"tab-a2-3\">83<\/td>\n<td class=\"tab-a2-3\">10<\/td>\n<td class=\"tab-a2-3\">M6<\/td>\n<td class=\"tab-a2-3\">4\u00d74\u00d725<\/td>\n<\/tr>\n<tr>\n<td class=\"tab-a3-3\" rowspan=\"2\">35<\/td>\n<td class=\"tab-a2-3\">90&#215;90<\/td>\n<td class=\"tab-a2-3\">104<\/td>\n<td class=\"tab-a2-3\">83<\/td>\n<td class=\"tab-a2-3\">12<\/td>\n<td class=\"tab-a2-3\">32<\/td>\n<td class=\"tab-a2-3\">M6<\/td>\n<td class=\"tab-a2-3\">4x4x25<\/td>\n<td class=\"tab-a3-3\" rowspan=\"2\">18<\/td>\n<td class=\"tab-a3-3\" rowspan=\"2\">40<\/td>\n<td class=\"tab-a3-3\" rowspan=\"2\">5\u00d75\u00d780<\/td>\n<\/tr>\n<tr>\n<td class=\"tab-a2-3\">60\u00d760<\/td>\n<td class=\"tab-a2-3\">70<\/td>\n<td class=\"tab-a2-3\">50<\/td>\n<td class=\"tab-a2-3\">14<\/td>\n<td class=\"tab-a2-3\">30<\/td>\n<td class=\"tab-a2-3\">M5<\/td>\n<td class=\"tab-a2-3\">5\u00d75\u00d725<\/td>\n<\/tr>\n<\/tbody>\n<\/table>\n<\/div>\n<p>&nbsp;<\/p>\n<div class=\"table-container\">\n<table class=\"tab-a4\" cellspacing=\"0\">\n<tbody>\n<tr>\n<td class=\"tab-a5\">Model<\/td>\n<td class=\"tab-a5\" style=\"text-align: center;\" colspan=\"11\">Fixed base<\/td>\n<td class=\"tab-a5\" style=\"text-align: center;\" colspan=\"5\">Outer part<\/td>\n<td class=\"tab-a5\" rowspan=\"2\">Maximum torque<\/td>\n<td class=\"tab-a5\" rowspan=\"2\">\u91cd\u91cf(kg)<\/td>\n<\/tr>\n<tr>\n<td class=\"tab-a5\">J<\/td>\n<td class=\"tab-a5\">\u00d8F<\/td>\n<td class=\"tab-a5\">\u00d8G<\/td>\n<td class=\"tab-a5\">\u00d8H<\/td>\n<td class=\"tab-a5\">I2<\/td>\n<td class=\"tab-a5\">\u00d8O<\/td>\n<td class=\"tab-a5\">\u00d8P<\/td>\n<td class=\"tab-a5\">Q<\/td>\n<td class=\"tab-a5\">\u00d8R<\/td>\n<td class=\"tab-a5\">\u00d8R2<\/td>\n<td class=\"tab-a5\">W<\/td>\n<td class=\"tab-a5\">X<\/td>\n<td class=\"tab-a5\">K<\/td>\n<td class=\"tab-a5\">L<\/td>\n<td class=\"tab-a5\">M<\/td>\n<td class=\"tab-a5\">N<\/td>\n<td class=\"tab-a5\">S<\/td>\n<\/tr>\n<tr>\n<td class=\"tab-a3-3\" rowspan=\"3\">25<\/td>\n<td class=\"tab-a2-3\" rowspan=\"3\">65<\/td>\n<td class=\"tab-a2-3\" rowspan=\"3\">55<\/td>\n<td class=\"tab-a2-3\" rowspan=\"3\">45<\/td>\n<td class=\"tab-a2-3\" rowspan=\"3\">1<\/td>\n<td class=\"tab-a2-3\" rowspan=\"3\">76<\/td>\n<td class=\"tab-a2-3\" rowspan=\"3\">6.5<\/td>\n<td class=\"tab-a2-3\" rowspan=\"3\">46<\/td>\n<td class=\"tab-a2-3\" rowspan=\"3\">65<\/td>\n<td class=\"tab-a2-3\" rowspan=\"3\">92<\/td>\n<td class=\"tab-a2-3\" rowspan=\"3\">51.5<\/td>\n<td class=\"tab-a2-3\" rowspan=\"3\">34<\/td>\n<td class=\"tab-a3-3\" rowspan=\"3\">32.5<\/td>\n<td class=\"tab-a3-3\">60<\/td>\n<td class=\"tab-a3-3\" rowspan=\"3\">40.5<\/td>\n<td class=\"tab-a3-3\" rowspan=\"3\">56.5<\/td>\n<td class=\"tab-a3-3\" rowspan=\"3\">46<\/td>\n<td class=\"tab-a2-3\" rowspan=\"3\">150<\/td>\n<td class=\"tab-a2-3\" rowspan=\"3\">1.2<\/td>\n<\/tr>\n<tr>\n<td class=\"tab-a3-3\">65<\/td>\n<\/tr>\n<tr>\n<td class=\"tab-a3-3\">70<\/td>\n<\/tr>\n<tr>\n<td class=\"tab-a3-3\" rowspan=\"2\" height=\"40\">35<\/td>\n<td class=\"tab-a2-3\" rowspan=\"2\">80<\/td>\n<td class=\"tab-a2-3\" rowspan=\"2\">70<\/td>\n<td class=\"tab-a2-3\" rowspan=\"2\">52<\/td>\n<td class=\"tab-a2-3\" rowspan=\"2\">2<\/td>\n<td class=\"tab-a2-3\" rowspan=\"2\">91<\/td>\n<td class=\"tab-a2-3\" rowspan=\"2\">6.5<\/td>\n<td class=\"tab-a2-3\" rowspan=\"2\">54.5<\/td>\n<td class=\"tab-a2-3\" rowspan=\"2\">80<\/td>\n<td class=\"tab-a2-3\" rowspan=\"2\">109<\/td>\n<td class=\"tab-a2-3\" rowspan=\"2\">56<\/td>\n<td class=\"tab-a2-3\" rowspan=\"2\">41<\/td>\n<td class=\"tab-a3-3\" rowspan=\"2\">40<\/td>\n<td class=\"tab-a3-3\">80<\/td>\n<td class=\"tab-a3-3\" rowspan=\"2\">47.5<\/td>\n<td class=\"tab-a3-3\">64.5<\/td>\n<td class=\"tab-a3-3\" rowspan=\"2\">54.5<\/td>\n<td class=\"tab-a2-3\" rowspan=\"2\">300<\/td>\n<td class=\"tab-a2-3\" rowspan=\"2\">2.0<\/td>\n<\/tr>\n<tr>\n<td class=\"tab-a3-3\">66<\/td>\n<td class=\"tab-a3-3\">65.5<\/td>\n<\/tr>\n<\/tbody>\n<\/table>\n<\/div>","protected":false},"excerpt":{"rendered":"<p>&nbsp; \u578b\u865f \u5165\u529b\u8ef8\u5074 \u51fa\u529b\u8ef8 J \u25a1 \u00d8A \u00d8B \u00d8C D E KEY \u00d8U V KEY 25 70\u00d7 [&hellip;]<\/p>\n","protected":false},"featured_media":0,"template":"","meta":{"_acf_changed":false},"product_brand":[],"product_cat":[57],"product_tag":[],"class_list":{"0":"post-1456","1":"product","2":"type-product","3":"status-publish","5":"product_cat-25-35-cv-vc-m-","7":"first","8":"instock","9":"taxable","10":"shipping-taxable","11":"product-type-simple"},"acf":[],"_links":{"self":[{"href":"https:\/\/xajong.com.tw\/en\/wp-json\/wp\/v2\/product\/1456","targetHints":{"allow":["GET"]}}],"collection":[{"href":"https:\/\/xajong.com.tw\/en\/wp-json\/wp\/v2\/product"}],"about":[{"href":"https:\/\/xajong.com.tw\/en\/wp-json\/wp\/v2\/types\/product"}],"wp:attachment":[{"href":"https:\/\/xajong.com.tw\/en\/wp-json\/wp\/v2\/media?parent=1456"}],"wp:term":[{"taxonomy":"product_brand","embeddable":true,"href":"https:\/\/xajong.com.tw\/en\/wp-json\/wp\/v2\/product_brand?post=1456"},{"taxonomy":"product_cat","embeddable":true,"href":"https:\/\/xajong.com.tw\/en\/wp-json\/wp\/v2\/product_cat?post=1456"},{"taxonomy":"product_tag","embeddable":true,"href":"https:\/\/xajong.com.tw\/en\/wp-json\/wp\/v2\/product_tag?post=1456"}],"curies":[{"name":"wp","href":"https:\/\/api.w.org\/{rel}","templated":true}]}}