{"id":1502,"date":"2025-12-24T11:51:29","date_gmt":"2025-12-24T03:51:29","guid":{"rendered":"https:\/\/xajong.wp-ideaweb.com\/?post_type=product&#038;p=1502"},"modified":"2026-01-15T19:25:48","modified_gmt":"2026-01-15T11:25:48","slug":"torque-fixed-arm","status":"publish","type":"product","link":"https:\/\/xajong.com.tw\/en\/product\/torque-fixed-arm\/","title":{"rendered":"Torque Fixed Arm"},"content":{"rendered":"<p><img loading=\"lazy\" decoding=\"async\" class=\"aligncenter wp-image-1558\" src=\"https:\/\/xajong.com.tw\/wp-content\/uploads\/2025\/12\/worm-18-1B.jpg\" alt=\"\" width=\"500\" height=\"333\" srcset=\"https:\/\/xajong.com.tw\/wp-content\/uploads\/2025\/12\/worm-18-1B.jpg 500w, https:\/\/xajong.com.tw\/wp-content\/uploads\/2025\/12\/worm-18-1B-480x320.jpg 480w\" sizes=\"(min-width: 0px) and (max-width: 480px) 480px, (min-width: 481px) 500px, 100vw\" \/><\/p>\n<div class=\"table-container\">\n<table class=\"tab-a4\" width=\"95%\" cellspacing=\"0\">\n<tbody>\n<tr>\n<td class=\"tab-a5\" width=\"12%\">Model<\/td>\n<td class=\"tab-a5\" width=\"9%\">A<\/td>\n<td class=\"tab-a5\" width=\"9%\">B<\/td>\n<td class=\"tab-a5\" width=\"9%\">C<\/td>\n<td class=\"tab-a5\" width=\"9%\">D<\/td>\n<td class=\"tab-a5\" width=\"9%\">E<\/td>\n<td class=\"tab-a5\" width=\"9%\">F<\/td>\n<td class=\"tab-a5\" width=\"9%\">G<\/td>\n<td class=\"tab-a5\" width=\"9%\">H<\/td>\n<td class=\"tab-a5\" width=\"9%\">I<\/td>\n<td class=\"tab-a5\" width=\"13%\">Weight\nkg<\/td>\n<\/tr>\n<tr>\n<td class=\"tab-a3\">25C<\/td>\n<td class=\"tab-a2\">90<\/td>\n<td class=\"tab-a2\">33.5<\/td>\n<td class=\"tab-a2\">141<\/td>\n<td class=\"tab-a2\">\u00d845<\/td>\n<td class=\"tab-a2\">\u00d855<\/td>\n<td class=\"tab-a2\">\u00d86.5<\/td>\n<td class=\"tab-a2\">14<\/td>\n<td class=\"tab-a2\">\u00d88<\/td>\n<td class=\"tab-a2\">4<\/td>\n<td class=\"tab-a2\">0.14<\/td>\n<\/tr>\n<tr>\n<td class=\"tab-a3\">35C<\/td>\n<td class=\"tab-a2\">100<\/td>\n<td class=\"tab-a2\">41<\/td>\n<td class=\"tab-a2\">158.5<\/td>\n<td class=\"tab-a2\">\u00d852<\/td>\n<td class=\"tab-a2\">\u00d870<\/td>\n<td class=\"tab-a2\">\u00d86.5<\/td>\n<td class=\"tab-a2\">14<\/td>\n<td class=\"tab-a2\">\u00d88<\/td>\n<td class=\"tab-a2\">4<\/td>\n<td class=\"tab-a2\">0.23<\/td>\n<\/tr>\n<\/tbody>\n<\/table>\n<\/div>\n<p><img loading=\"lazy\" decoding=\"async\" class=\"aligncenter wp-image-1504\" src=\"https:\/\/xajong.com.tw\/wp-content\/uploads\/2025\/12\/worm-18-1.gif\" alt=\"\" width=\"420\" height=\"341\" \/><\/p>","protected":false},"excerpt":{"rendered":"<p>\u578b\u865f A B C D E F G H I \u91cd\u91cfkg 25C 90 33.5 141 \u00d845 \u00d855 \u00d86.5  [&hellip;]<\/p>\n","protected":false},"featured_media":1560,"template":"","meta":{"_acf_changed":false},"product_brand":[],"product_cat":[66],"product_tag":[],"class_list":{"0":"post-1502","1":"product","2":"type-product","3":"status-publish","4":"has-post-thumbnail","6":"product_cat-66","8":"first","9":"instock","10":"taxable","11":"shipping-taxable","12":"product-type-simple"},"acf":[],"_links":{"self":[{"href":"https:\/\/xajong.com.tw\/en\/wp-json\/wp\/v2\/product\/1502","targetHints":{"allow":["GET"]}}],"collection":[{"href":"https:\/\/xajong.com.tw\/en\/wp-json\/wp\/v2\/product"}],"about":[{"href":"https:\/\/xajong.com.tw\/en\/wp-json\/wp\/v2\/types\/product"}],"wp:featuredmedia":[{"embeddable":true,"href":"https:\/\/xajong.com.tw\/en\/wp-json\/wp\/v2\/media\/1560"}],"wp:attachment":[{"href":"https:\/\/xajong.com.tw\/en\/wp-json\/wp\/v2\/media?parent=1502"}],"wp:term":[{"taxonomy":"product_brand","embeddable":true,"href":"https:\/\/xajong.com.tw\/en\/wp-json\/wp\/v2\/product_brand?post=1502"},{"taxonomy":"product_cat","embeddable":true,"href":"https:\/\/xajong.com.tw\/en\/wp-json\/wp\/v2\/product_cat?post=1502"},{"taxonomy":"product_tag","embeddable":true,"href":"https:\/\/xajong.com.tw\/en\/wp-json\/wp\/v2\/product_tag?post=1502"}],"curies":[{"name":"wp","href":"https:\/\/api.w.org\/{rel}","templated":true}]}}