{"id":1454,"date":"2025-12-24T11:01:07","date_gmt":"2025-12-24T03:01:07","guid":{"rendered":"https:\/\/xajong.wp-ideaweb.com\/?post_type=product&#038;p=1454"},"modified":"2026-01-16T18:20:16","modified_gmt":"2026-01-16T10:20:16","slug":"worm-gear-25-35-fc-cf-g","status":"publish","type":"product","link":"https:\/\/xajong.com.tw\/zh_tw\/product\/worm-gear-25-35-fc-cf-g\/","title":{"rendered":"\u8778\u8f2a\u6e1b\u901f\u6a5f-25\/35 FC\/CF G \u7cfb\u5217"},"content":{"rendered":"<p><img loading=\"lazy\" decoding=\"async\" class=\"wp-image-1638 aligncenter\" src=\"https:\/\/xajong.com.tw\/wp-content\/uploads\/2025\/12\/worm-08-c-1.jpg\" alt=\"\" width=\"800\" height=\"873\" srcset=\"https:\/\/xajong.com.tw\/wp-content\/uploads\/2025\/12\/worm-08-c-1.jpg 800w, https:\/\/xajong.com.tw\/wp-content\/uploads\/2025\/12\/worm-08-c-1-480x524.jpg 480w\" sizes=\"(min-width: 0px) and (max-width: 480px) 480px, (min-width: 481px) 800px, 100vw\" \/><\/p>\n<div class=\"table-container\">\n<table class=\"tab-a4\" width=\"98%\" cellspacing=\"0\">\n<tbody>\n<tr>\n<td class=\"tab-a5\">\u578b\u865f<\/td>\n<td class=\"tab-a5\" colspan=\"7\">\u5165\u529b\u8ef8\u5074<\/td>\n<td class=\"tab-a5\" colspan=\"3\">\u51fa\u529b\u8ef8<\/td>\n<\/tr>\n<tr>\n<td class=\"tab-a5\">J<\/td>\n<td class=\"tab-a5\">\u25a1<\/td>\n<td class=\"tab-a5\">\u00d8A<\/td>\n<td class=\"tab-a5\">\u00d8C<\/td>\n<td class=\"tab-a5\">D<\/td>\n<td class=\"tab-a5\">E<\/td>\n<td class=\"tab-a5\">KEY<\/td>\n<td class=\"tab-a5\">Y<\/td>\n<td class=\"tab-a5\">\u00d8U<\/td>\n<td class=\"tab-a5\">V<\/td>\n<td class=\"tab-a5\">KEY<\/td>\n<\/tr>\n<tr>\n<td class=\"tab-a3\" rowspan=\"2\">25<\/td>\n<td class=\"tab-a2\">70\u00d770<\/td>\n<td class=\"tab-a2\">82<\/td>\n<td class=\"tab-a2\" rowspan=\"2\">10<\/td>\n<td class=\"tab-a2\" rowspan=\"2\">32<\/td>\n<td class=\"tab-a2\" rowspan=\"2\">M5<\/td>\n<td class=\"tab-a2\" rowspan=\"2\">4\u00d74\u00d725<\/td>\n<td class=\"tab-a2\" rowspan=\"2\">15<\/td>\n<td class=\"tab-a3\" rowspan=\"2\">15<\/td>\n<td class=\"tab-a3\" rowspan=\"2\">33<\/td>\n<td class=\"tab-a3\" rowspan=\"2\">5\u00d75\u00d766<\/td>\n<\/tr>\n<tr>\n<td class=\"tab-a2\">80\u00d780<\/td>\n<td class=\"tab-a2\">94<\/td>\n<\/tr>\n<tr>\n<td class=\"tab-a3\">35<\/td>\n<td class=\"tab-a2\">90\u00d790<\/td>\n<td class=\"tab-a2\">104<\/td>\n<td class=\"tab-a2\">12<\/td>\n<td class=\"tab-a2\">32<\/td>\n<td class=\"tab-a2\">M6<\/td>\n<td class=\"tab-a2\">4\u00d74\u00d725<\/td>\n<td class=\"tab-a2\">18<\/td>\n<td class=\"tab-a3\">18<\/td>\n<td class=\"tab-a3\">40<\/td>\n<td class=\"tab-a3\">5\u00d75\u00d780<\/td>\n<\/tr>\n<\/tbody>\n<\/table>\n<\/div>\n<p>&nbsp;<\/p>\n<div class=\"table-container\">\n<table class=\"tab-a4\" width=\"98%\" cellspacing=\"0\">\n<tbody>\n<tr>\n<td class=\"tab-a5\">\u578b\u865f<\/td>\n<td class=\"tab-a5\" colspan=\"12\">\u56fa\u5b9a\u5ea7<\/td>\n<td class=\"tab-a5\" colspan=\"5\">\u5916\u90e8<\/td>\n<td class=\"tab-a5\">\u6700\u5927\u5bb9\u8a31\u8f49\u77e9<\/td>\n<td class=\"tab-a5\">\u91cd\u91cf(kg)<\/td>\n<\/tr>\n<tr>\n<td class=\"tab-a5\">J<\/td>\n<td class=\"tab-a5\">\u00d8F<\/td>\n<td class=\"tab-a5\">\u00d8G<\/td>\n<td class=\"tab-a5\">\u00d8H<\/td>\n<td class=\"tab-a5\">I2<\/td>\n<td class=\"tab-a5\">L2<\/td>\n<td class=\"tab-a5\">\u00d8P<\/td>\n<td class=\"tab-a5\">\u00d8R<\/td>\n<td class=\"tab-a5\">T<\/td>\n<td class=\"tab-a5\">W<\/td>\n<td class=\"tab-a5\">X<\/td>\n<td class=\"tab-a5\">Y2<\/td>\n<td class=\"tab-a5\">Z<\/td>\n<td class=\"tab-a5\">K<\/td>\n<td class=\"tab-a5\">L<\/td>\n<td class=\"tab-a5\">M<\/td>\n<td class=\"tab-a5\">N<\/td>\n<td class=\"tab-a5\">S<\/td>\n<td class=\"tab-a5\"><\/td>\n<td class=\"tab-a5\"><\/td>\n<\/tr>\n<tr>\n<td class=\"tab-a3\" rowspan=\"2\">25<\/td>\n<td class=\"tab-a2\" rowspan=\"2\">65<\/td>\n<td class=\"tab-a2\" rowspan=\"2\">55<\/td>\n<td class=\"tab-a2\" rowspan=\"2\">45<\/td>\n<td class=\"tab-a2\" rowspan=\"2\">1<\/td>\n<td class=\"tab-a2\" rowspan=\"2\">54.4<\/td>\n<td class=\"tab-a2\" rowspan=\"2\">6<\/td>\n<td class=\"tab-a2\" rowspan=\"2\">65<\/td>\n<td class=\"tab-a2\" rowspan=\"2\">30<\/td>\n<td class=\"tab-a2\" rowspan=\"2\">46<\/td>\n<td class=\"tab-a2\" rowspan=\"2\">34<\/td>\n<td class=\"tab-a2\" rowspan=\"2\">48<\/td>\n<td class=\"tab-a2\" rowspan=\"2\">36<\/td>\n<td class=\"tab-a3\" rowspan=\"2\">32.5<\/td>\n<td class=\"tab-a3\">45<\/td>\n<td class=\"tab-a3\" rowspan=\"2\">40.5<\/td>\n<td class=\"tab-a3\" rowspan=\"2\">56.5<\/td>\n<td class=\"tab-a3\" rowspan=\"2\">42.5<\/td>\n<td class=\"tab-a2\" rowspan=\"2\">150<\/td>\n<td class=\"tab-a2\" rowspan=\"2\">1.2<\/td>\n<\/tr>\n<tr>\n<td class=\"tab-a3\">50<\/td>\n<\/tr>\n<tr>\n<td class=\"tab-a3\">35<\/td>\n<td class=\"tab-a2\">80<\/td>\n<td class=\"tab-a2\">70<\/td>\n<td class=\"tab-a2\">52<\/td>\n<td class=\"tab-a2\">2<\/td>\n<td class=\"tab-a2\">75<\/td>\n<td class=\"tab-a2\">8<\/td>\n<td class=\"tab-a2\">80<\/td>\n<td class=\"tab-a2\">36<\/td>\n<td class=\"tab-a2\">56<\/td>\n<td class=\"tab-a2\">41<\/td>\n<td class=\"tab-a2\">65<\/td>\n<td class=\"tab-a2\">40<\/td>\n<td class=\"tab-a3\">40<\/td>\n<td class=\"tab-a3\">62<\/td>\n<td class=\"tab-a3\">47.5<\/td>\n<td class=\"tab-a3\">64.5<\/td>\n<td class=\"tab-a3\">50<\/td>\n<td class=\"tab-a2\">300<\/td>\n<td class=\"tab-a2\">2.0<\/td>\n<\/tr>\n<\/tbody>\n<\/table>\n<\/div>\n","protected":false},"excerpt":{"rendered":"<p>\u578b\u865f \u5165\u529b\u8ef8\u5074 \u51fa\u529b\u8ef8 J \u25a1 \u00d8A \u00d8C D E KEY Y \u00d8U V KEY 25 70\u00d770 82 10 [&hellip;]<\/p>\n","protected":false},"featured_media":0,"template":"","meta":{"_acf_changed":false},"product_brand":[],"product_cat":[56],"product_tag":[],"class_list":{"0":"post-1454","1":"product","2":"type-product","3":"status-publish","5":"product_cat-25-35-fc-cf-g-","7":"first","8":"instock","9":"taxable","10":"shipping-taxable","11":"product-type-simple"},"acf":[],"_links":{"self":[{"href":"https:\/\/xajong.com.tw\/zh_tw\/wp-json\/wp\/v2\/product\/1454","targetHints":{"allow":["GET"]}}],"collection":[{"href":"https:\/\/xajong.com.tw\/zh_tw\/wp-json\/wp\/v2\/product"}],"about":[{"href":"https:\/\/xajong.com.tw\/zh_tw\/wp-json\/wp\/v2\/types\/product"}],"wp:attachment":[{"href":"https:\/\/xajong.com.tw\/zh_tw\/wp-json\/wp\/v2\/media?parent=1454"}],"wp:term":[{"taxonomy":"product_brand","embeddable":true,"href":"https:\/\/xajong.com.tw\/zh_tw\/wp-json\/wp\/v2\/product_brand?post=1454"},{"taxonomy":"product_cat","embeddable":true,"href":"https:\/\/xajong.com.tw\/zh_tw\/wp-json\/wp\/v2\/product_cat?post=1454"},{"taxonomy":"product_tag","embeddable":true,"href":"https:\/\/xajong.com.tw\/zh_tw\/wp-json\/wp\/v2\/product_tag?post=1454"}],"curies":[{"name":"wp","href":"https:\/\/api.w.org\/{rel}","templated":true}]}}